{"id":196,"date":"2024-08-04T15:58:18","date_gmt":"2024-08-04T13:58:18","guid":{"rendered":"https:\/\/cogitetsens.fr\/?page_id=196"},"modified":"2024-11-30T19:14:23","modified_gmt":"2024-11-30T18:14:23","slug":"qui-suis-je","status":"publish","type":"page","link":"https:\/\/cogitetsens.fr\/index.php\/qui-suis-je\/","title":{"rendered":"Qui suis-je ?"},"content":{"rendered":"\n<p class=\"has-contrast-light-color has-text-color has-link-color wp-elements-90db475d10755b4f1535a015bbd05391\"><\/p>\n\n\n\n<div class=\"wp-block-group has-contrast-dark-color has-contrast-light-background-color has-text-color has-background has-link-color wp-elements-09209f1ec9484ed8a58cc013cd550ba8 is-vertical is-layout-flex wp-container-core-group-is-layout-0e1dcdef wp-block-group-is-layout-flex\" style=\"margin-top:0;margin-bottom:0;padding-top:var(--wp--preset--spacing--superbspacing-xxlarge);padding-right:var(--wp--preset--spacing--superbspacing-small);padding-bottom:var(--wp--preset--spacing--superbspacing-xxlarge);padding-left:var(--wp--preset--spacing--superbspacing-small)\">\n<h2 class=\"wp-block-heading has-contrast-dark-color has-text-color has-link-color wp-elements-c87d5820bc06968e016284e4ee767d00\">Mon parcours<\/h2>\n\n\n\n<div class=\"wp-block-columns is-layout-flex wp-container-core-columns-is-layout-28f84493 wp-block-columns-is-layout-flex\">\n<div class=\"wp-block-column is-layout-flow wp-block-column-is-layout-flow\" style=\"flex-basis:66.66%\">\n<p class=\"has-contrast-dark-color has-text-color has-link-color has-superbfont-small-font-size wp-elements-7540d9a815dd31fe08c23caa11e4fedf\">Je m\u2019appelle Pascale.<br><br>Apr\u00e8s 15 ann\u00e9es intenses, riches de rencontres, dans l\u2019\u00e9dition jeunesse, j\u2019ai travaill\u00e9 9 ans comme AESH, en milieu scolaire aupr\u00e8s de jeunes en situation de handicap et en difficult\u00e9s scolaires (Dys, TDAH, HP, TSA\u2026), <strong>la gestion mentale<\/strong> a \u00e9t\u00e9 une d\u00e9couverte qui a <strong>boulevers\u00e9 ma vision de l\u2019accompagnement<\/strong>.<br><br>J\u2019y ai retrouv\u00e9 toutes les valeurs qui m&rsquo;animent et tissent <strong>le fil rouge de mon parcours professionnel <\/strong>: la croyance que tout le monde peut r\u00e9ussir, que le cerveau et la pens\u00e9e sont uniques, le non-jugement et le respect de la diversit\u00e9 de pens\u00e9es, etc.<br>C\u2019est une approche lumineuse, efficace et fiable, proposant un avenir dans des situations qui me semblaient d\u00e9sesp\u00e9r\u00e9ment bloqu\u00e9es je peux ainsi appr\u00e9hender des situations d\u2019apprentissage adapt\u00e9es \u00e0 chaque apprenants.<\/p>\n\n\n\n<p class=\"has-contrast-dark-color has-text-color has-link-color wp-elements-c4d0956f01c5309f5a022aa1a921b8b7\"><\/p>\n\n\n\n<p class=\"has-contrast-dark-color has-text-color has-link-color has-superbfont-small-font-size wp-elements-b57904b8475d465443250eb22fa58122\">Avec mon exp\u00e9rience et ma formation, je prends en compte aussi <strong>les apports des neurosciences et de la neuro\u00e9ducation <\/strong>dans le fonctionnement du cerveau, pour garantir des apprentissages efficaces et performants.<br><br>C\u2019est pour accompagner les jeunes, les adultes de mani\u00e8re sp\u00e9cifique que j\u2019ai voulu enrichir <strong>mes comp\u00e9tences en p\u00e9dagogie<\/strong>. Aujourd\u2019hui, je <strong>suis dipl\u00f4m\u00e9e par IF PARIS en tant que conseill\u00e8re en p\u00e9dagogie et praticienne en gestion mentale.<\/strong><\/p>\n\n\n\n<p class=\"has-contrast-dark-color has-text-color has-link-color wp-elements-9e510ad6a4973ee3953fb6b6e36599a3\"> C\u2019est donc dans l\u2019accompagnement individuel que j\u2019ai choisi de continuer \u00e0 \u00eatre utile. <\/p>\n\n\n\n<p class=\"has-contrast-dark-color has-text-color has-link-color wp-elements-c4d0956f01c5309f5a022aa1a921b8b7\"><\/p>\n\n\n\n<p><\/p>\n<\/div>\n\n\n\n<div class=\"wp-block-column is-layout-flow wp-block-column-is-layout-flow\" style=\"flex-basis:33.33%\">\n<p><\/p>\n\n\n\n<figure class=\"wp-block-image size-full is-resized\"><img decoding=\"async\" src=\"http:\/\/cogitetsens.fr\/wp-content\/uploads\/2024\/06\/IMG_6239-1.jpeg\" alt=\"\" class=\"wp-image-30\" style=\"width:367px;height:auto\"\/><\/figure>\n<\/div>\n<\/div>\n\n\n\n<p class=\"has-contrast-dark-color has-text-color has-link-color has-superbfont-small-font-size wp-elements-095365cae84261b5000d508340810aa5\">La gestion mentale, qui, bien plus qu\u2019une m\u00e9thode, est une vision humaniste, un regard bienveillant et sur l\u2019homme. Elle s\u2019av\u00e8re \u00eatre une formidable cl\u00e9 pour la relation d\u2019accompagnement.  <\/p>\n\n\n\n<p class=\"has-contrast-dark-color has-text-color has-link-color has-superbfont-small-font-size wp-elements-349255c53dd7af5d26336019f6ab34b8\"><strong>Mon savoir-faire est bas\u00e9 sur la r\u00e9ussite, l\u2019unicit\u00e9 et le potentiel de chacun<\/strong>. Mon objectif sera toujours de vous permettre de gagner en confiance et en autonomie dans toutes les situations d\u2019apprentissage.<br><br><strong>J\u2019ai la conviction que chacun a les capacit\u00e9s de r\u00e9ussir avec un chemin diff\u00e9rent et unique pour y arriver. Ayant confiance en vos capacit\u00e9s, vous trouvez la cl\u00e9 qui ouvre la porte de la r\u00e9ussite.<\/strong><\/p>\n\n\n\n<h2 class=\"wp-block-heading has-contrast-dark-color has-text-color has-link-color wp-elements-02fbe8fd786ed8df004325cbbaec4b61\">Mon r\u00e9seau<\/h2>\n\n\n\n<p><\/p>\n\n\n\n<figure class=\"wp-block-image size-full is-resized\"><a href=\"https:\/\/www.ifparis.org\/\" target=\"_blank\" rel=\"noreferrer noopener\"><img loading=\"lazy\" decoding=\"async\" width=\"611\" height=\"280\" src=\"http:\/\/cogitetsens.fr\/wp-content\/uploads\/2024\/08\/Initiative-et-formation-Paris.png\" alt=\"\" class=\"wp-image-181\" style=\"width:227px;height:auto\" srcset=\"https:\/\/cogitetsens.fr\/wp-content\/uploads\/2024\/08\/Initiative-et-formation-Paris.png 611w, https:\/\/cogitetsens.fr\/wp-content\/uploads\/2024\/08\/Initiative-et-formation-Paris-300x137.png 300w\" sizes=\"auto, (max-width: 611px) 100vw, 611px\" \/><\/a><\/figure>\n\n\n\n<p class=\"has-contrast-dark-color has-text-color has-link-color has-superbfont-small-font-size wp-elements-52f00ddedaa0d970630fa756b0c61c0b\">Dipl\u00f4m\u00e9e en gestion mentale par <a href=\"https:\/\/www.ifparis.org\/\" data-type=\"link\" data-id=\"https:\/\/www.ifparis.org\/\" target=\"_blank\" rel=\"noreferrer noopener\">IF Paris<\/a>, je fais partie d\u2019un r\u00e9seau d\u2019expertise et de partage de comp\u00e9tences. Je suis en constante formation et gr\u00e2ce \u00e0 toutes les conseill\u00e8res en p\u00e9dagogie install\u00e9es en France depuis des ann\u00e9es, je partage mes exp\u00e9riences de pratique pour rester en avant garde de ce qui peut se faire dans ma pratique.<\/p>\n\n\n\n<p><\/p>\n\n\n\n<p>Initiative et Formation Pays Basque<\/p>\n\n\n\n<p><\/p>\n\n\n\n<p class=\"has-contrast-dark-color has-text-color has-link-color wp-elements-c4d0956f01c5309f5a022aa1a921b8b7\"><\/p>\n<\/div>\n","protected":false},"excerpt":{"rendered":"<p>Mon parcours Je m\u2019appelle Pascale. Apr\u00e8s 15 ann\u00e9es intenses, riches de rencontres, dans l\u2019\u00e9dition jeunesse, j\u2019ai travaill\u00e9 9 ans comme AESH, en milieu scolaire aupr\u00e8s de jeunes en situation de handicap et en difficult\u00e9s scolaires (Dys, TDAH, HP, TSA\u2026), la gestion mentale a \u00e9t\u00e9 une d\u00e9couverte qui a boulevers\u00e9 ma vision de l\u2019accompagnement. J\u2019y ai [&hellip;]<\/p>\n","protected":false},"author":1,"featured_media":0,"parent":0,"menu_order":0,"comment_status":"closed","ping_status":"closed","template":"","meta":{"footnotes":""},"class_list":["post-196","page","type-page","status-publish","hentry"],"_links":{"self":[{"href":"https:\/\/cogitetsens.fr\/index.php\/wp-json\/wp\/v2\/pages\/196","targetHints":{"allow":["GET"]}}],"collection":[{"href":"https:\/\/cogitetsens.fr\/index.php\/wp-json\/wp\/v2\/pages"}],"about":[{"href":"https:\/\/cogitetsens.fr\/index.php\/wp-json\/wp\/v2\/types\/page"}],"author":[{"embeddable":true,"href":"https:\/\/cogitetsens.fr\/index.php\/wp-json\/wp\/v2\/users\/1"}],"replies":[{"embeddable":true,"href":"https:\/\/cogitetsens.fr\/index.php\/wp-json\/wp\/v2\/comments?post=196"}],"version-history":[{"count":17,"href":"https:\/\/cogitetsens.fr\/index.php\/wp-json\/wp\/v2\/pages\/196\/revisions"}],"predecessor-version":[{"id":321,"href":"https:\/\/cogitetsens.fr\/index.php\/wp-json\/wp\/v2\/pages\/196\/revisions\/321"}],"wp:attachment":[{"href":"https:\/\/cogitetsens.fr\/index.php\/wp-json\/wp\/v2\/media?parent=196"}],"curies":[{"name":"wp","href":"https:\/\/api.w.org\/{rel}","templated":true}]}}