{"id":47,"date":"2024-07-02T18:36:13","date_gmt":"2024-07-02T16:36:13","guid":{"rendered":"https:\/\/cogitetsens.fr\/?page_id=47"},"modified":"2025-02-12T16:10:19","modified_gmt":"2025-02-12T15:10:19","slug":"accompagnements","status":"publish","type":"page","link":"https:\/\/cogitetsens.fr\/index.php\/accompagnements\/","title":{"rendered":"Mes accompagnements"},"content":{"rendered":"\n<div class=\"wp-block-group has-contrast-dark-color has-contrast-light-background-color has-text-color has-background has-link-color wp-elements-33406b9912d5524ce294ff0e38e0e798 is-vertical is-layout-flex wp-container-core-group-is-layout-0e1dcdef wp-block-group-is-layout-flex\" style=\"margin-top:0;margin-bottom:0;padding-top:var(--wp--preset--spacing--superbspacing-xxlarge);padding-right:var(--wp--preset--spacing--superbspacing-small);padding-bottom:var(--wp--preset--spacing--superbspacing-xxlarge);padding-left:var(--wp--preset--spacing--superbspacing-small)\">\n<div class=\"wp-block-group alignwide has-global-padding is-layout-constrained wp-container-core-group-is-layout-334a2726 wp-block-group-is-layout-constrained\">\n<div class=\"wp-block-group has-border-color has-white-color has-text-color has-background has-link-color wp-elements-eac31b23a8434b859cb4aea6f424e2af has-global-padding is-content-justification-left is-layout-constrained wp-container-core-group-is-layout-c5f29df2 wp-block-group-is-layout-constrained\" style=\"border-color:#D4D4D8;border-radius:0px;background-color:#6a7c6c;padding-top:var(--wp--preset--spacing--superbspacing-small);padding-right:var(--wp--preset--spacing--superbspacing-small);padding-bottom:var(--wp--preset--spacing--superbspacing-small);padding-left:var(--wp--preset--spacing--superbspacing-small)\">\n<p class=\"has-text-align-left has-contrast-light-color has-text-color has-superbfont-xsmall-font-size\"><strong><em>Savez-vous comment vous faites pour m\u00e9moriser le code de votre CB ?<\/em><\/strong><\/p>\n\n\n\n<p><strong><em>Comment une image reste-t-elle en t\u00eate  alors que vous ne l&rsquo;avez plus sous les yeux ?<\/em><\/strong><\/p>\n\n\n\n<p class=\"has-contrast-light-color has-text-color has-link-color has-superbfont-xsmall-font-size wp-elements-d0a18881bed9f37a539cea399126d369\"><strong><em>Avez-vous d\u00e9j\u00e0 remarqu\u00e9 qu&rsquo;une musique peut rester dans votre t\u00eate alors que vous ne l&rsquo;entendez plus ?<\/em><\/strong><\/p>\n\n\n\n<p class=\"has-contrast-light-color has-text-color has-link-color wp-elements-10a4690828c7c45be36b1814c43bdcaf\"><strong><em>Pourquoi apprenez-vous plus facilement en \u00e9crivant ou en photographiant un document ?<\/em><\/strong><\/p>\n<\/div>\n\n\n\n<p><\/p>\n\n\n\n<blockquote class=\"wp-block-quote has-mono-2-color has-text-color has-link-color wp-elements-ac78b786fde7429e6a8db773e69b5285 is-layout-flow wp-block-quote-is-layout-flow\">\n<p class=\"has-mono-2-color has-text-color has-link-color has-superbfont-xsmall-font-size wp-elements-3b1026d6f8c3a13deca30e02383841e4\"><strong><em>Vous vous demandez s&rsquo;il y a un moyen pour <\/em><\/strong><em><strong>apprendre mieux et plus vite ? <\/strong><\/em><\/p>\n\n\n\n<p class=\"has-mono-2-color has-text-color has-link-color has-superbfont-xsmall-font-size wp-elements-e6a1370494c6f8f98a427be248be1845\"><strong><em>Oui ! Chaque personne est unique. <\/em><\/strong><\/p>\n\n\n\n<p class=\"has-mono-2-color has-text-color has-link-color has-superbfont-xsmall-font-size wp-elements-952fe8b2eeb13d2dfeb9334d3418635c\"><strong><em>D\u00e9couvrez votre meilleure fa\u00e7on d&rsquo;apprendre. <\/em><\/strong><\/p>\n\n\n\n<p class=\"has-mono-2-color has-text-color has-link-color has-superbfont-xsmall-font-size wp-elements-64501dcc6c61991522e36e0ab8de452b\"><strong><em>On en parle &#8230;<\/em><\/strong><\/p>\n<\/blockquote>\n\n\n\n<p class=\"has-contrast-dark-color has-text-color has-link-color has-superbfont-xsmall-font-size wp-elements-5614ff389875ef6f05b90ccf5fc4aace\"><\/p>\n\n\n\n<p class=\"has-mono-2-color has-text-color has-link-color has-superbfont-small-font-size wp-elements-3e1e4f597f66cde4699d6419a91caf92\"><strong>Ici<\/strong>, je vous propose de d\u00e9couvrir <strong>comment vous fonctionnez mentalement<\/strong> : une vraie chance de prendre conscience de vos ressources, un bagage essentiel pour l&rsquo;avenir.<\/p>\n\n\n\n<p class=\"has-mono-2-color has-text-color has-link-color has-superbfont-xsmall-font-size wp-elements-56b0cf10ca0533e21bee0c05e1600bcc\"><strong>Le but de mon accompagnement <\/strong>en gestion mentale, c\u2019est que vous puissiez d\u00e9couvrir comment fonctionne votre pens\u00e9e .<\/p>\n\n\n\n<p class=\"has-mono-2-color has-text-color has-link-color has-superbfont-xsmall-font-size wp-elements-6518a004fa61adfedb5a949a603cd4ac\">Vous pourrez alors facilement mettre <strong>en place des strat\u00e9gies et les d\u00e9velopper<\/strong> pour optimiser votre fonctionnement.<\/p>\n\n\n\n<p><\/p>\n\n\n\n<figure class=\"wp-block-image alignleft size-full is-resized\"><img loading=\"lazy\" decoding=\"async\" width=\"1280\" height=\"1280\" src=\"http:\/\/cogitetsens.fr\/wp-content\/uploads\/2025\/02\/IMG_2447-1.jpeg\" alt=\"\" class=\"wp-image-332\" style=\"aspect-ratio:1.3333333333333333;object-fit:contain;width:300px;height:auto\" srcset=\"https:\/\/cogitetsens.fr\/wp-content\/uploads\/2025\/02\/IMG_2447-1.jpeg 1280w, https:\/\/cogitetsens.fr\/wp-content\/uploads\/2025\/02\/IMG_2447-1-300x300.jpeg 300w, https:\/\/cogitetsens.fr\/wp-content\/uploads\/2025\/02\/IMG_2447-1-1024x1024.jpeg 1024w, https:\/\/cogitetsens.fr\/wp-content\/uploads\/2025\/02\/IMG_2447-1-150x150.jpeg 150w, https:\/\/cogitetsens.fr\/wp-content\/uploads\/2025\/02\/IMG_2447-1-768x768.jpeg 768w\" sizes=\"auto, (max-width: 1280px) 100vw, 1280px\" \/><\/figure>\n\n\n\n<h3 class=\"wp-block-heading has-mono-2-color has-text-color has-link-color has-superbfont-large-font-size wp-elements-b802c04ac31556161e61ffb1a760f9ea\"><strong> Je vous accompagne pour :<\/strong><\/h3>\n\n\n\n<ul class=\"wp-block-list has-superbfont-small-font-size\">\n<li class=\"has-superbfont-xsmall-font-size\"><strong>Apprendre<\/strong> \u00e0 mieux vous conna\u00eetre et <strong>explorer<\/strong> votre <strong>fonctionnement<\/strong> mental<\/li>\n\n\n\n<li class=\"has-superbfont-xsmall-font-size\">Gagner en <strong>autonomie<\/strong> et devenir acteur de vos apprentissages<\/li>\n\n\n\n<li class=\"has-superbfont-xsmall-font-size\">Savoir <strong>organiser<\/strong> vos connaissances<\/li>\n\n\n\n<li class=\"has-superbfont-xsmall-font-size\"><strong>Augmenter<\/strong> votre <strong>potentiel<\/strong><\/li>\n\n\n\n<li class=\"has-superbfont-xsmall-font-size\">Renforcer votre <strong>motivation<\/strong> dans le travail<\/li>\n\n\n\n<li class=\"has-superbfont-xsmall-font-size\"><strong>Trouver des solutions<\/strong> \u00e0 une probl\u00e9matique d&rsquo;apprentissage&#8230;<\/li>\n<\/ul>\n\n\n\n<p class=\"has-contrast-dark-color has-text-color has-link-color has-superbfont-xsmall-font-size wp-elements-87f9eab9204924c9c1a566b4fc549691\">Ma p\u00e9dagogie <strong>part de vous-m\u00eame<\/strong>, de vos motivations, de <strong>vos moyens<\/strong>  afin de vous accompagner vers une <strong>r\u00e9ussite durable<\/strong>.<\/p>\n\n\n\n<p class=\"has-mono-2-color has-text-color has-link-color has-superbfont-small-font-size wp-elements-3a6f2281164ce5e40aa3e01211289b6a\">Mon objectif est de <strong>mettre en place des strat\u00e9gies d&rsquo;apprentissage individualis\u00e9es <\/strong>qui s&rsquo;inscrivent dans une d\u00e9marche de mont\u00e9e en comp\u00e9tences personnelle.<\/p>\n\n\n\n<p><\/p>\n\n\n\n<h3 class=\"wp-block-heading has-text-align-left has-mono-2-color has-text-color has-superbfont-large-font-size\"><strong>Comment ?<\/strong><\/h3>\n\n\n\n<p class=\"has-contrast-dark-color has-text-color has-link-color wp-elements-11ae677c8a193ce49c4c19a9a88520ee\">Mes accompagnements se d\u00e9roulent dans un cadre <strong>bienveillant<\/strong>, <strong>s\u00e9curisant <\/strong>et <strong>confidentiel<\/strong>. Dans le cadre de s\u00e9ances avec un jeune, entre 45mn et une heure, je re\u00e7ois les parents ou l\u2019adulte en pr\u00e9alable afin d\u00e9finir les objectifs de chacun. <\/p>\n\n\n\n<p class=\"has-contrast-dark-color has-text-color has-link-color wp-elements-599e33d5a60554e714c1a431b0098a4e\">Je r\u00e9alise un bilan en fin de parcours. Je travaille \u00e0 partir d\u2019\u00e9changes sur vos r\u00e9ussites, de mini-t\u00e2che ou des mises en situation en accord avec les objectifs fix\u00e9s au d\u00e9part.<\/p>\n\n\n\n<p class=\"has-contrast-dark-color has-text-color has-link-color wp-elements-4df5c782aac654d7d58a4eb851df73f7\">Lorsqu\u2019il s\u2019agit de jeune, les rencontre s\u2019effectue sans les parents ce qui me permet de garantir la relation de <strong>confiance mutuelle<\/strong> n\u00e9cessaire \u00e0 un travail efficace. <\/p>\n\n\n\n<p class=\"has-contrast-dark-color has-text-color has-link-color wp-elements-82cb5429212c2213ffb18c8f1a5a59e2\">Je vous re\u00e7ois en :<\/p>\n\n\n\n<figure class=\"wp-block-image alignright size-full is-resized\"><img loading=\"lazy\" decoding=\"async\" width=\"1024\" height=\"1024\" src=\"http:\/\/cogitetsens.fr\/wp-content\/uploads\/2025\/02\/image.png\" alt=\"\" class=\"wp-image-351\" style=\"width:220px;height:auto\" srcset=\"https:\/\/cogitetsens.fr\/wp-content\/uploads\/2025\/02\/image.png 1024w, https:\/\/cogitetsens.fr\/wp-content\/uploads\/2025\/02\/image-300x300.png 300w, https:\/\/cogitetsens.fr\/wp-content\/uploads\/2025\/02\/image-150x150.png 150w, https:\/\/cogitetsens.fr\/wp-content\/uploads\/2025\/02\/image-768x768.png 768w\" sizes=\"auto, (max-width: 1024px) 100vw, 1024px\" \/><\/figure>\n\n\n\n<ul class=\"wp-block-list\">\n<li class=\"has-superbfont-xsmall-font-size\"><strong>S\u00e9ances individuelles<\/strong> :\n<ul class=\"wp-block-list\">\n<li class=\"has-superbfont-xsmall-font-size\">En pr\u00e9sentiel, \u00e0 mon domicile \u00e0 Bayonne<\/li>\n\n\n\n<li class=\"has-superbfont-xsmall-font-size\">En pr\u00e9sentiel, \u00e0 votre domicile<\/li>\n\n\n\n<li class=\"has-superbfont-xsmall-font-size\">En visio, pour un suivi simple ou mises au point rapides<\/li>\n<\/ul>\n<\/li>\n\n\n\n<li class=\"has-superbfont-xsmall-font-size\"><strong>Ateliers de groupe<\/strong>, \u00e0 la demande des coll\u00e8ges\/lyc\u00e9es ou des parents<\/li>\n<\/ul>\n\n\n\n<p><\/p>\n\n\n\n<h2 class=\"wp-block-heading has-mono-2-color has-text-color has-link-color wp-elements-fae2b82ef7b739d75c6b3a14a92643b5\">Pour qui ? : les enfants, adolescents et adultes<\/h2>\n\n\n\n<blockquote class=\"wp-block-quote has-mono-2-color has-text-color has-link-color wp-elements-582486038a9e4c7c186a9acd1fba7918 is-layout-flow wp-block-quote-is-layout-flow\">\n<p class=\"has-mono-2-color has-text-color has-link-color has-superbfont-small-font-size wp-elements-7c371954e99e53ab57e788a6e071f244\"><strong><em>\u00ab\u00a0Y a-t-il un moyen pour apprendre mieux et plus vite ?\u00a0\u00bb  Oui ! Chaque personne est unique : d\u00e9couvrez votre meilleure fa\u00e7on d&rsquo;apprendre. On en parle&#8230;<\/em><\/strong><\/p>\n<\/blockquote>\n\n\n\n<figure class=\"wp-block-image aligncenter size-full is-resized\"><img loading=\"lazy\" decoding=\"async\" width=\"1024\" height=\"666\" src=\"http:\/\/cogitetsens.fr\/wp-content\/uploads\/2025\/02\/image-1.jpeg\" alt=\"\" class=\"wp-image-350\" style=\"width:301px;height:auto\" srcset=\"https:\/\/cogitetsens.fr\/wp-content\/uploads\/2025\/02\/image-1.jpeg 1024w, https:\/\/cogitetsens.fr\/wp-content\/uploads\/2025\/02\/image-1-300x195.jpeg 300w, https:\/\/cogitetsens.fr\/wp-content\/uploads\/2025\/02\/image-1-768x500.jpeg 768w\" sizes=\"auto, (max-width: 1024px) 100vw, 1024px\" \/><\/figure>\n\n\n\n<ul class=\"wp-block-list\">\n<li class=\"has-superbfont-xsmall-font-size\">Pour les \u00e9tudiants et adultes, les s\u00e9ances individuelles permettent de booster la m\u00e9morisation, cerner vos propres mani\u00e8res de travailler et d&rsquo;apprendre pour augmenter vos performances.<\/li>\n\n\n\n<li class=\"has-superbfont-xsmall-font-size\">Accompagnement personnalis\u00e9 pour les \u00e9l\u00e8ves en difficult\u00e9. <\/li>\n\n\n\n<li class=\"has-superbfont-xsmall-font-size\">Gr\u00e2ce \u00e0 ce cheminement, l&rsquo;\u00e9l\u00e8ve a la possibilit\u00e9 de d\u00e9couvrir ce qu&rsquo;il a de meilleur en lui. .<\/li>\n<\/ul>\n\n\n\n<h2 class=\"wp-block-heading has-mono-2-color has-text-color has-link-color wp-elements-1f578f52b954927e1219b0b4422d1ad7\">Pour qui?: <strong>les parents<\/strong><\/h2>\n\n\n\n<blockquote class=\"wp-block-quote has-mono-2-color has-text-color has-link-color wp-elements-539ba09c199646db2fe4a24fedeff673 is-layout-flow wp-block-quote-is-layout-flow\">\n<p class=\"has-mono-2-color has-text-color has-link-color wp-elements-3b35cbefc7608d6796a52009a77cdc37\"><strong><em>\u00ab\u00a0Comment faire pour aider mon enfant dans ses devoirs ? Quels outils lui donner ?\u00a0\u00bb On en parle&#8230; <\/em><\/strong><\/p>\n<\/blockquote>\n\n\n\n<p class=\"has-contrast-dark-color has-text-color has-link-color wp-elements-4f87b7d44f0f14a5327cc95abb1b0d43\">Des ateliers en petits groupes con\u00e7us pour vous aider \u00e0 accompagner sereinement le travail de vos enfants. Des conf\u00e9rences et ateliers pour les parents<\/p>\n\n\n\n<h2 class=\"wp-block-heading has-mono-2-color has-text-color has-link-color has-superbfont-large-font-size wp-elements-b7e5cda051af6a1e9e283c9c61e8edf9\">Pour qui?: les <strong>\u00e9tablissements scolaires<\/strong><\/h2>\n\n\n\n<p class=\"has-superbfont-tiny-font-size\"><\/p>\n\n\n\n<blockquote class=\"wp-block-quote has-mono-2-color has-text-color has-link-color wp-elements-9e4b00bbfe70c45b192a1989d03735c0 is-layout-flow wp-block-quote-is-layout-flow\">\n<p class=\"has-mono-2-color has-text-color has-link-color wp-elements-40d76068178ea682650331636a889c7e\"><strong><em>\u00ab\u00a0Comment comprendre et d\u00e9tecter les diff\u00e9rents modes d&rsquo;apprentissage et adapter ma p\u00e9dagogie \u00e0 chaque apprenant ?\u00a0\u00bb On en parle&#8230; <\/em><\/strong><\/p>\n<\/blockquote>\n\n\n\n<ul class=\"wp-block-list\">\n<li class=\"has-superbfont-xsmall-font-size\">Des ateliers de m\u00e9thodologie en demi-classes \u00e0 partir du CM1 jusqu&rsquo;en terminale<\/li>\n\n\n\n<li class=\"has-superbfont-xsmall-font-size\">Des formations pour les enseignants afin de leur permettre d&rsquo;enrichir leur panel d&rsquo;outils p\u00e9dagogiques et d&rsquo;aider leurs \u00e9l\u00e8ves \u00e0 \u00eatre davantage acteurs, autonomes et en confiance dans leurs apprentissages<\/li>\n<\/ul>\n\n\n\n<p class=\"has-superbfont-xsmall-font-size\"><\/p>\n<\/div>\n<\/div>\n","protected":false},"excerpt":{"rendered":"<p>Savez-vous comment vous faites pour m\u00e9moriser le code de votre CB ? Comment une image reste-t-elle en t\u00eate alors que vous ne l&rsquo;avez plus sous les yeux ? Avez-vous d\u00e9j\u00e0 remarqu\u00e9 qu&rsquo;une musique peut rester dans votre t\u00eate alors que vous ne l&rsquo;entendez plus ? Pourquoi apprenez-vous plus facilement en \u00e9crivant ou en photographiant un [&hellip;]<\/p>\n","protected":false},"author":1,"featured_media":0,"parent":0,"menu_order":0,"comment_status":"closed","ping_status":"closed","template":"","meta":{"footnotes":""},"class_list":["post-47","page","type-page","status-publish","hentry"],"_links":{"self":[{"href":"https:\/\/cogitetsens.fr\/index.php\/wp-json\/wp\/v2\/pages\/47","targetHints":{"allow":["GET"]}}],"collection":[{"href":"https:\/\/cogitetsens.fr\/index.php\/wp-json\/wp\/v2\/pages"}],"about":[{"href":"https:\/\/cogitetsens.fr\/index.php\/wp-json\/wp\/v2\/types\/page"}],"author":[{"embeddable":true,"href":"https:\/\/cogitetsens.fr\/index.php\/wp-json\/wp\/v2\/users\/1"}],"replies":[{"embeddable":true,"href":"https:\/\/cogitetsens.fr\/index.php\/wp-json\/wp\/v2\/comments?post=47"}],"version-history":[{"count":34,"href":"https:\/\/cogitetsens.fr\/index.php\/wp-json\/wp\/v2\/pages\/47\/revisions"}],"predecessor-version":[{"id":354,"href":"https:\/\/cogitetsens.fr\/index.php\/wp-json\/wp\/v2\/pages\/47\/revisions\/354"}],"wp:attachment":[{"href":"https:\/\/cogitetsens.fr\/index.php\/wp-json\/wp\/v2\/media?parent=47"}],"curies":[{"name":"wp","href":"https:\/\/api.w.org\/{rel}","templated":true}]}}